{"id":18,"date":"2024-12-12T15:27:41","date_gmt":"2024-12-12T15:27:41","guid":{"rendered":"https:\/\/racobidemo.com\/novoprint\/?page_id=18"},"modified":"2026-02-11T19:14:55","modified_gmt":"2026-02-11T19:14:55","slug":"contacto","status":"publish","type":"page","link":"https:\/\/novoprint.org\/en\/contacto\/","title":{"rendered":"Contact"},"content":{"rendered":"\t\t<div data-elementor-type=\"wp-page\" data-elementor-id=\"18\" class=\"elementor elementor-18\" data-elementor-post-type=\"page\">\n\t\t\t\t\t\t<section class=\"elementor-section elementor-top-section elementor-element elementor-element-27c9e9c1 elementor-section-boxed elementor-section-height-default elementor-section-height-default elementor-invisible\" data-id=\"27c9e9c1\" data-element_type=\"section\" data-e-type=\"section\" data-settings=\"{&quot;background_background&quot;:&quot;classic&quot;,&quot;background_motion_fx_motion_fx_scrolling&quot;:&quot;yes&quot;,&quot;background_motion_fx_translateY_effect&quot;:&quot;yes&quot;,&quot;background_motion_fx_translateY_speed&quot;:{&quot;unit&quot;:&quot;px&quot;,&quot;size&quot;:2,&quot;sizes&quot;:[]},&quot;animation&quot;:&quot;fadeIn&quot;,&quot;background_motion_fx_translateY_affectedRange&quot;:{&quot;unit&quot;:&quot;%&quot;,&quot;size&quot;:&quot;&quot;,&quot;sizes&quot;:{&quot;start&quot;:0,&quot;end&quot;:100}},&quot;background_motion_fx_devices&quot;:[&quot;widescreen&quot;,&quot;desktop&quot;,&quot;tablet&quot;,&quot;mobile&quot;]}\">\n\t\t\t\t\t\t\t<div class=\"elementor-background-overlay\"><\/div>\n\t\t\t\t\t\t\t<div class=\"elementor-container elementor-column-gap-default\">\n\t\t\t\t\t<div class=\"elementor-column elementor-col-100 elementor-top-column elementor-element elementor-element-29c78a50\" data-id=\"29c78a50\" data-element_type=\"column\" data-e-type=\"column\">\n\t\t\t<div class=\"elementor-widget-wrap elementor-element-populated\">\n\t\t\t\t\t\t<div class=\"elementor-element elementor-element-3ced3142 elementor-invisible elementor-widget elementor-widget-heading\" data-id=\"3ced3142\" data-element_type=\"widget\" data-e-type=\"widget\" data-settings=\"{&quot;_animation&quot;:&quot;fadeIn&quot;,&quot;_animation_tablet&quot;:&quot;fadeIn&quot;}\" data-widget_type=\"heading.default\">\n\t\t\t\t<div class=\"elementor-widget-container\">\n\t\t\t\t\t<h1 class=\"elementor-heading-title elementor-size-default\">CONTACTO<\/h1>\t\t\t\t<\/div>\n\t\t\t\t<\/div>\n\t\t\t\t\t<\/div>\n\t\t<\/div>\n\t\t\t\t\t<\/div>\n\t\t<\/section>\n\t\t\t\t<section class=\"elementor-section elementor-top-section elementor-element elementor-element-3b98029c elementor-section-boxed elementor-section-height-default elementor-section-height-default\" data-id=\"3b98029c\" data-element_type=\"section\" data-e-type=\"section\" data-settings=\"{&quot;background_background&quot;:&quot;classic&quot;}\">\n\t\t\t\t\t\t<div class=\"elementor-container elementor-column-gap-default\">\n\t\t\t\t\t<div class=\"elementor-column elementor-col-50 elementor-top-column elementor-element elementor-element-4bbe14 elementor-invisible\" data-id=\"4bbe14\" data-element_type=\"column\" data-e-type=\"column\" data-settings=\"{&quot;animation&quot;:&quot;fadeIn&quot;,&quot;animation_tablet&quot;:&quot;fadeIn&quot;}\">\n\t\t\t<div class=\"elementor-widget-wrap elementor-element-populated\">\n\t\t\t\t\t\t<div class=\"elementor-element elementor-element-5235407b elementor-widget elementor-widget-heading\" data-id=\"5235407b\" data-element_type=\"widget\" data-e-type=\"widget\" data-widget_type=\"heading.default\">\n\t\t\t\t<div class=\"elementor-widget-container\">\n\t\t\t\t\t<h2 class=\"elementor-heading-title elementor-size-default\">CONT\u00c1CTANOS<\/h2>\t\t\t\t<\/div>\n\t\t\t\t<\/div>\n\t\t\t\t<div class=\"elementor-element elementor-element-681bec9c elementor-button-align-start elementor-mobile-button-align-stretch elementor-widget elementor-widget-form\" data-id=\"681bec9c\" data-element_type=\"widget\" data-e-type=\"widget\" data-settings=\"{&quot;step_next_label&quot;:&quot;Siguiente&quot;,&quot;step_previous_label&quot;:&quot;Anterior&quot;,&quot;button_width&quot;:&quot;100&quot;,&quot;step_type&quot;:&quot;number_text&quot;,&quot;step_icon_shape&quot;:&quot;circle&quot;}\" data-widget_type=\"form.default\">\n\t\t\t\t<div class=\"elementor-widget-container\">\n\t\t\t\t\t\t\t<form class=\"elementor-form\" method=\"post\" name=\"Contact Form\" aria-label=\"Contact Form\">\n\t\t\t<input type=\"hidden\" name=\"post_id\" value=\"18\"\/>\n\t\t\t<input type=\"hidden\" name=\"form_id\" value=\"681bec9c\"\/>\n\t\t\t<input type=\"hidden\" name=\"referer_title\" value=\"Contacto | Imprenta Novoprint Elche | Pide tu Presupuesto\" \/>\n\n\t\t\t\t\t\t\t<input type=\"hidden\" name=\"queried_id\" value=\"18\"\/>\n\t\t\t\n\t\t\t<div class=\"elementor-form-fields-wrapper elementor-labels-above\">\n\t\t\t\t\t\t\t\t<div class=\"elementor-field-type-text elementor-field-group elementor-column elementor-field-group-name elementor-col-100 elementor-field-required elementor-mark-required\">\n\t\t\t\t\t\t\t\t\t\t\t\t\t<input size=\"1\" type=\"text\" name=\"form_fields[name]\" id=\"form-field-name\" class=\"elementor-field elementor-size-xl  elementor-field-textual\" placeholder=\"Nombre\" required=\"required\">\n\t\t\t\t\t\t\t\t\t\t\t<\/div>\n\t\t\t\t\t\t\t\t<div class=\"elementor-field-type-email elementor-field-group elementor-column elementor-field-group-email elementor-col-100 elementor-field-required elementor-mark-required\">\n\t\t\t\t\t\t\t\t\t\t\t\t\t<input size=\"1\" type=\"email\" name=\"form_fields[email]\" id=\"form-field-email\" class=\"elementor-field elementor-size-xl  elementor-field-textual\" placeholder=\"Correo Electr\u00f3nico\" required=\"required\">\n\t\t\t\t\t\t\t\t\t\t\t<\/div>\n\t\t\t\t\t\t\t\t<div class=\"elementor-field-type-textarea elementor-field-group elementor-column elementor-field-group-message elementor-col-100\">\n\t\t\t\t\t<textarea class=\"elementor-field-textual elementor-field  elementor-size-xl\" name=\"form_fields[message]\" id=\"form-field-message\" rows=\"6\" placeholder=\"Mensaje\"><\/textarea>\t\t\t\t<\/div>\n\t\t\t\t\t\t\t\t<div class=\"elementor-field-type-recaptcha elementor-field-group elementor-column elementor-field-group-field_3347f64 elementor-col-100\">\n\t\t\t\t\t<div class=\"elementor-field\" id=\"form-field-field_3347f64\"><div class=\"elementor-g-recaptcha\" data-sitekey=\"6LculdUqAAAAAAJBd4pY4766UMC1ZFTygspaxNah\" data-type=\"v2_checkbox\" data-theme=\"light\" data-size=\"normal\"><\/div><\/div>\t\t\t\t<\/div>\n\t\t\t\t\t\t\t\t<div class=\"elementor-field-group elementor-column elementor-field-type-submit elementor-col-100 e-form__buttons\">\n\t\t\t\t\t<button class=\"elementor-button elementor-size-sm elementor-animation-float\" type=\"submit\">\n\t\t\t\t\t\t<span class=\"elementor-button-content-wrapper\">\n\t\t\t\t\t\t\t\t\t\t\t\t\t\t\t\t\t\t\t\t\t\t<span class=\"elementor-button-text\">Enviar<\/span>\n\t\t\t\t\t\t\t\t\t\t\t\t\t<\/span>\n\t\t\t\t\t<\/button>\n\t\t\t\t<\/div>\n\t\t\t<\/div>\n\t\t<\/form>\n\t\t\t\t\t\t<\/div>\n\t\t\t\t<\/div>\n\t\t\t\t\t<\/div>\n\t\t<\/div>\n\t\t\t\t<div class=\"elementor-column elementor-col-50 elementor-top-column elementor-element elementor-element-2449a1ea\" data-id=\"2449a1ea\" data-element_type=\"column\" data-e-type=\"column\" data-settings=\"{&quot;animation&quot;:&quot;none&quot;,&quot;animation_tablet&quot;:&quot;fadeIn&quot;}\">\n\t\t\t<div class=\"elementor-widget-wrap elementor-element-populated\">\n\t\t\t\t\t\t<section class=\"elementor-section elementor-inner-section elementor-element elementor-element-2ea3ea60 elementor-section-full_width elementor-section-height-default elementor-section-height-default elementor-invisible\" data-id=\"2ea3ea60\" data-element_type=\"section\" data-e-type=\"section\" data-settings=\"{&quot;background_background&quot;:&quot;classic&quot;,&quot;animation&quot;:&quot;fadeIn&quot;,&quot;animation_delay&quot;:400}\">\n\t\t\t\t\t\t<div class=\"elementor-container elementor-column-gap-default\">\n\t\t\t\t\t<div class=\"elementor-column elementor-col-50 elementor-inner-column elementor-element elementor-element-6fe9295 elementor-hidden-phone\" data-id=\"6fe9295\" data-element_type=\"column\" data-e-type=\"column\">\n\t\t\t<div class=\"elementor-widget-wrap elementor-element-populated\">\n\t\t\t\t\t\t<div class=\"elementor-element elementor-element-4cc44e0d elementor-widget elementor-widget-spacer\" data-id=\"4cc44e0d\" data-element_type=\"widget\" data-e-type=\"widget\" data-widget_type=\"spacer.default\">\n\t\t\t\t<div class=\"elementor-widget-container\">\n\t\t\t\t\t\t\t<div class=\"elementor-spacer\">\n\t\t\t<div class=\"elementor-spacer-inner\"><\/div>\n\t\t<\/div>\n\t\t\t\t\t\t<\/div>\n\t\t\t\t<\/div>\n\t\t\t\t<div class=\"elementor-element elementor-element-7c51ff61 elementor-widget elementor-widget-spacer\" data-id=\"7c51ff61\" data-element_type=\"widget\" data-e-type=\"widget\" data-widget_type=\"spacer.default\">\n\t\t\t\t<div class=\"elementor-widget-container\">\n\t\t\t\t\t\t\t<div class=\"elementor-spacer\">\n\t\t\t<div class=\"elementor-spacer-inner\"><\/div>\n\t\t<\/div>\n\t\t\t\t\t\t<\/div>\n\t\t\t\t<\/div>\n\t\t\t\t<div class=\"elementor-element elementor-element-58bd9131 elementor-widget elementor-widget-spacer\" data-id=\"58bd9131\" data-element_type=\"widget\" data-e-type=\"widget\" data-widget_type=\"spacer.default\">\n\t\t\t\t<div class=\"elementor-widget-container\">\n\t\t\t\t\t\t\t<div class=\"elementor-spacer\">\n\t\t\t<div class=\"elementor-spacer-inner\"><\/div>\n\t\t<\/div>\n\t\t\t\t\t\t<\/div>\n\t\t\t\t<\/div>\n\t\t\t\t\t<\/div>\n\t\t<\/div>\n\t\t\t\t<div class=\"elementor-column elementor-col-50 elementor-inner-column elementor-element elementor-element-47314de3\" data-id=\"47314de3\" data-element_type=\"column\" data-e-type=\"column\" data-settings=\"{&quot;background_background&quot;:&quot;classic&quot;}\">\n\t\t\t<div class=\"elementor-widget-wrap elementor-element-populated\">\n\t\t\t\t\t\t<div class=\"elementor-element elementor-element-1052b4ee elementor-widget elementor-widget-heading\" data-id=\"1052b4ee\" data-element_type=\"widget\" data-e-type=\"widget\" data-widget_type=\"heading.default\">\n\t\t\t\t<div class=\"elementor-widget-container\">\n\t\t\t\t\t<h2 class=\"elementor-heading-title elementor-size-default\">Informaci\u00f3n de Contacto:<\/h2>\t\t\t\t<\/div>\n\t\t\t\t<\/div>\n\t\t\t\t<div class=\"elementor-element elementor-element-4d57e27d elementor-widget__width-initial elementor-widget-mobile__width-inherit elementor-widget elementor-widget-heading\" data-id=\"4d57e27d\" data-element_type=\"widget\" data-e-type=\"widget\" data-widget_type=\"heading.default\">\n\t\t\t\t<div class=\"elementor-widget-container\">\n\t\t\t\t\t<h3 class=\"elementor-heading-title elementor-size-default\">Tel\u00e9fono:<\/h3>\t\t\t\t<\/div>\n\t\t\t\t<\/div>\n\t\t\t\t<div class=\"elementor-element elementor-element-2acbf4ea elementor-widget__width-initial elementor-widget-mobile__width-inherit elementor-widget elementor-widget-heading\" data-id=\"2acbf4ea\" data-element_type=\"widget\" data-e-type=\"widget\" data-widget_type=\"heading.default\">\n\t\t\t\t<div class=\"elementor-widget-container\">\n\t\t\t\t\t<h3 class=\"elementor-heading-title elementor-size-default\"><a href=\"tel:+18001234567\">966 246 246<\/a><\/h3>\t\t\t\t<\/div>\n\t\t\t\t<\/div>\n\t\t\t\t<div class=\"elementor-element elementor-element-5d73c918 elementor-widget__width-initial elementor-widget-mobile__width-inherit elementor-widget elementor-widget-heading\" data-id=\"5d73c918\" data-element_type=\"widget\" data-e-type=\"widget\" data-widget_type=\"heading.default\">\n\t\t\t\t<div class=\"elementor-widget-container\">\n\t\t\t\t\t<h3 class=\"elementor-heading-title elementor-size-default\">Email:<\/h3>\t\t\t\t<\/div>\n\t\t\t\t<\/div>\n\t\t\t\t<div class=\"elementor-element elementor-element-64cee2d7 elementor-widget__width-initial elementor-widget-mobile__width-inherit elementor-widget elementor-widget-heading\" data-id=\"64cee2d7\" data-element_type=\"widget\" data-e-type=\"widget\" data-widget_type=\"heading.default\">\n\t\t\t\t<div class=\"elementor-widget-container\">\n\t\t\t\t\t<h3 class=\"elementor-heading-title elementor-size-default\"><a href=\"mailto:info@novoprint.org\">info@novoprint.org<\/a><\/h3>\t\t\t\t<\/div>\n\t\t\t\t<\/div>\n\t\t\t\t<div class=\"elementor-element elementor-element-214ef2ec elementor-widget__width-initial elementor-widget-mobile__width-inherit elementor-widget elementor-widget-heading\" data-id=\"214ef2ec\" data-element_type=\"widget\" data-e-type=\"widget\" data-widget_type=\"heading.default\">\n\t\t\t\t<div class=\"elementor-widget-container\">\n\t\t\t\t\t<h3 class=\"elementor-heading-title elementor-size-default\">Address:<\/h3>\t\t\t\t<\/div>\n\t\t\t\t<\/div>\n\t\t\t\t<div class=\"elementor-element elementor-element-c57e839 elementor-widget__width-initial elementor-widget-mobile__width-inherit elementor-widget elementor-widget-heading\" data-id=\"c57e839\" data-element_type=\"widget\" data-e-type=\"widget\" data-widget_type=\"heading.default\">\n\t\t\t\t<div class=\"elementor-widget-container\">\n\t\t\t\t\t<h3 class=\"elementor-heading-title elementor-size-default\">Poeta Miguel Hern\u00e1ndez, 110 03201 Elche, Alicante.<\/h3>\t\t\t\t<\/div>\n\t\t\t\t<\/div>\n\t\t\t\t<div class=\"elementor-element elementor-element-740864a elementor-widget elementor-widget-image\" data-id=\"740864a\" data-element_type=\"widget\" data-e-type=\"widget\" data-widget_type=\"image.default\">\n\t\t\t\t<div class=\"elementor-widget-container\">\n\t\t\t\t\t\t\t\t\t\t\t\t\t\t\t<img fetchpriority=\"high\" decoding=\"async\" width=\"400\" height=\"250\" src=\"https:\/\/novoprint.org\/wp-content\/uploads\/2024\/12\/Diseno-sin-titulo53.png\" class=\"attachment-large size-large wp-image-445\" alt=\"\" srcset=\"https:\/\/novoprint.org\/wp-content\/uploads\/2024\/12\/Diseno-sin-titulo53.png 400w, https:\/\/novoprint.org\/wp-content\/uploads\/2024\/12\/Diseno-sin-titulo53-300x188.png 300w, https:\/\/novoprint.org\/wp-content\/uploads\/2024\/12\/Diseno-sin-titulo53-18x12.png 18w\" sizes=\"(max-width: 400px) 100vw, 400px\" \/>\t\t\t\t\t\t\t\t\t\t\t\t\t\t\t<\/div>\n\t\t\t\t<\/div>\n\t\t\t\t\t<\/div>\n\t\t<\/div>\n\t\t\t\t\t<\/div>\n\t\t<\/section>\n\t\t\t\t<div class=\"elementor-element elementor-element-21ec55d4 elementor-invisible elementor-widget elementor-widget-google_maps\" data-id=\"21ec55d4\" data-element_type=\"widget\" data-e-type=\"widget\" data-settings=\"{&quot;_animation&quot;:&quot;fadeIn&quot;,&quot;_animation_delay&quot;:200}\" data-widget_type=\"google_maps.default\">\n\t\t\t\t<div class=\"elementor-widget-container\">\n\t\t\t\t\t\t\t<div class=\"elementor-custom-embed\">\n\t\t\t<iframe loading=\"lazy\"\n\t\t\t\t\tsrc=\"https:\/\/maps.google.com\/maps?q=Poeta%20Miguel%20Hern%C3%A1ndez%2C%20110%2003201%20Elche%2C%20Alicante.&#038;t=m&#038;z=15&#038;output=embed&#038;iwloc=near\"\n\t\t\t\t\ttitle=\"Poeta Miguel Hern\u00e1ndez, 110 03201 Elche, Alicante.\"\n\t\t\t\t\taria-label=\"Poeta Miguel Hern\u00e1ndez, 110 03201 Elche, Alicante.\"\n\t\t\t><\/iframe>\n\t\t<\/div>\n\t\t\t\t\t\t<\/div>\n\t\t\t\t<\/div>\n\t\t\t\t\t<\/div>\n\t\t<\/div>\n\t\t\t\t\t<\/div>\n\t\t<\/section>\n\t\t\t\t<\/div>\n\t\t","protected":false},"excerpt":{"rendered":"<p>CONTACTO CONT\u00c1CTANOS Informaci\u00f3n de Contacto: Tel\u00e9fono: 966 246 246 Email: info@novoprint.org Address: Poeta Miguel Hern\u00e1ndez, 110 03201 Elche, Alicante.<\/p>","protected":false},"author":2,"featured_media":0,"parent":0,"menu_order":0,"comment_status":"closed","ping_status":"closed","template":"","meta":{"footnotes":""},"class_list":["post-18","page","type-page","status-publish","hentry"],"yoast_head":"<!-- This site is optimized with the Yoast SEO plugin v26.9 - https:\/\/yoast.com\/product\/yoast-seo-wordpress\/ -->\n<title>Contacto | Imprenta Novoprint Elche | Pide tu Presupuesto<\/title>\n<meta name=\"description\" content=\"\u00bfTienes un proyecto de impresi\u00f3n en mente? Contacta con Novoprint Elche. Solicita tu presupuesto personalizado para impresi\u00f3n digital y offset. \u00a1Hablamos hoy!\" \/>\n<meta name=\"robots\" content=\"index, follow, max-snippet:-1, max-image-preview:large, max-video-preview:-1\" \/>\n<link rel=\"canonical\" href=\"https:\/\/novoprint.org\/en\/contacto\/\" \/>\n<meta property=\"og:locale\" content=\"en_GB\" \/>\n<meta property=\"og:type\" content=\"article\" \/>\n<meta property=\"og:title\" content=\"Contacto | Imprenta Novoprint Elche | Pide tu Presupuesto\" \/>\n<meta property=\"og:description\" content=\"\u00bfTienes un proyecto de impresi\u00f3n en mente? Contacta con Novoprint Elche. Solicita tu presupuesto personalizado para impresi\u00f3n digital y offset. \u00a1Hablamos hoy!\" \/>\n<meta property=\"og:url\" content=\"https:\/\/novoprint.org\/en\/contacto\/\" \/>\n<meta property=\"og:site_name\" content=\"Novoprint\" \/>\n<meta property=\"article:modified_time\" content=\"2026-02-11T19:14:55+00:00\" \/>\n<meta property=\"og:image\" content=\"https:\/\/novoprint.org\/wp-content\/uploads\/2024\/12\/Diseno-sin-titulo53.png\" \/>\n<meta name=\"twitter:card\" content=\"summary_large_image\" \/>\n<meta name=\"twitter:label1\" content=\"Estimated reading time\" \/>\n\t<meta name=\"twitter:data1\" content=\"1 minute\" \/>\n<script type=\"application\/ld+json\" class=\"yoast-schema-graph\">{\"@context\":\"https:\/\/schema.org\",\"@graph\":[{\"@type\":\"WebPage\",\"@id\":\"https:\/\/novoprint.org\/contacto\/\",\"url\":\"https:\/\/novoprint.org\/contacto\/\",\"name\":\"Contacto | Imprenta Novoprint Elche | Pide tu Presupuesto\",\"isPartOf\":{\"@id\":\"https:\/\/novoprint.org\/#website\"},\"primaryImageOfPage\":{\"@id\":\"https:\/\/novoprint.org\/contacto\/#primaryimage\"},\"image\":{\"@id\":\"https:\/\/novoprint.org\/contacto\/#primaryimage\"},\"thumbnailUrl\":\"https:\/\/novoprint.org\/wp-content\/uploads\/2024\/12\/Diseno-sin-titulo53.png\",\"datePublished\":\"2024-12-12T15:27:41+00:00\",\"dateModified\":\"2026-02-11T19:14:55+00:00\",\"description\":\"\u00bfTienes un proyecto de impresi\u00f3n en mente? Contacta con Novoprint Elche. Solicita tu presupuesto personalizado para impresi\u00f3n digital y offset. \u00a1Hablamos hoy!\",\"breadcrumb\":{\"@id\":\"https:\/\/novoprint.org\/contacto\/#breadcrumb\"},\"inLanguage\":\"en-GB\",\"potentialAction\":[{\"@type\":\"ReadAction\",\"target\":[\"https:\/\/novoprint.org\/contacto\/\"]}]},{\"@type\":\"ImageObject\",\"inLanguage\":\"en-GB\",\"@id\":\"https:\/\/novoprint.org\/contacto\/#primaryimage\",\"url\":\"https:\/\/novoprint.org\/wp-content\/uploads\/2024\/12\/Diseno-sin-titulo53.png\",\"contentUrl\":\"https:\/\/novoprint.org\/wp-content\/uploads\/2024\/12\/Diseno-sin-titulo53.png\"},{\"@type\":\"BreadcrumbList\",\"@id\":\"https:\/\/novoprint.org\/contacto\/#breadcrumb\",\"itemListElement\":[{\"@type\":\"ListItem\",\"position\":1,\"name\":\"Portada\",\"item\":\"https:\/\/novoprint.org\/\"},{\"@type\":\"ListItem\",\"position\":2,\"name\":\"Contacto\"}]},{\"@type\":\"WebSite\",\"@id\":\"https:\/\/novoprint.org\/#website\",\"url\":\"https:\/\/novoprint.org\/\",\"name\":\"Novoprint\",\"description\":\"Gr\u00e1ficas Novoprint, impresi\u00f3n en alta calidad\",\"publisher\":{\"@id\":\"https:\/\/novoprint.org\/#organization\"},\"potentialAction\":[{\"@type\":\"SearchAction\",\"target\":{\"@type\":\"EntryPoint\",\"urlTemplate\":\"https:\/\/novoprint.org\/?s={search_term_string}\"},\"query-input\":{\"@type\":\"PropertyValueSpecification\",\"valueRequired\":true,\"valueName\":\"search_term_string\"}}],\"inLanguage\":\"en-GB\"},{\"@type\":\"Organization\",\"@id\":\"https:\/\/novoprint.org\/#organization\",\"name\":\"Novoprint\",\"url\":\"https:\/\/novoprint.org\/\",\"logo\":{\"@type\":\"ImageObject\",\"inLanguage\":\"en-GB\",\"@id\":\"https:\/\/novoprint.org\/#\/schema\/logo\/image\/\",\"url\":\"https:\/\/novoprint.org\/wp-content\/uploads\/2024\/12\/cropped-Diseno-sin-titulo53.png\",\"contentUrl\":\"https:\/\/novoprint.org\/wp-content\/uploads\/2024\/12\/cropped-Diseno-sin-titulo53.png\",\"width\":400,\"height\":115,\"caption\":\"Novoprint\"},\"image\":{\"@id\":\"https:\/\/novoprint.org\/#\/schema\/logo\/image\/\"}}]}<\/script>\n<!-- \/ Yoast SEO plugin. -->","yoast_head_json":{"title":"Contacto | Imprenta Novoprint Elche | Pide tu Presupuesto","description":"\u00bfTienes un proyecto de impresi\u00f3n en mente? Contacta con Novoprint Elche. Solicita tu presupuesto personalizado para impresi\u00f3n digital y offset. \u00a1Hablamos hoy!","robots":{"index":"index","follow":"follow","max-snippet":"max-snippet:-1","max-image-preview":"max-image-preview:large","max-video-preview":"max-video-preview:-1"},"canonical":"https:\/\/novoprint.org\/en\/contacto\/","og_locale":"en_GB","og_type":"article","og_title":"Contacto | Imprenta Novoprint Elche | Pide tu Presupuesto","og_description":"\u00bfTienes un proyecto de impresi\u00f3n en mente? Contacta con Novoprint Elche. Solicita tu presupuesto personalizado para impresi\u00f3n digital y offset. \u00a1Hablamos hoy!","og_url":"https:\/\/novoprint.org\/en\/contacto\/","og_site_name":"Novoprint","article_modified_time":"2026-02-11T19:14:55+00:00","og_image":[{"url":"https:\/\/novoprint.org\/wp-content\/uploads\/2024\/12\/Diseno-sin-titulo53.png","type":"","width":"","height":""}],"twitter_card":"summary_large_image","twitter_misc":{"Estimated reading time":"1 minute"},"schema":{"@context":"https:\/\/schema.org","@graph":[{"@type":"WebPage","@id":"https:\/\/novoprint.org\/contacto\/","url":"https:\/\/novoprint.org\/contacto\/","name":"Contacto | Imprenta Novoprint Elche | Pide tu Presupuesto","isPartOf":{"@id":"https:\/\/novoprint.org\/#website"},"primaryImageOfPage":{"@id":"https:\/\/novoprint.org\/contacto\/#primaryimage"},"image":{"@id":"https:\/\/novoprint.org\/contacto\/#primaryimage"},"thumbnailUrl":"https:\/\/novoprint.org\/wp-content\/uploads\/2024\/12\/Diseno-sin-titulo53.png","datePublished":"2024-12-12T15:27:41+00:00","dateModified":"2026-02-11T19:14:55+00:00","description":"\u00bfTienes un proyecto de impresi\u00f3n en mente? Contacta con Novoprint Elche. Solicita tu presupuesto personalizado para impresi\u00f3n digital y offset. \u00a1Hablamos hoy!","breadcrumb":{"@id":"https:\/\/novoprint.org\/contacto\/#breadcrumb"},"inLanguage":"en-GB","potentialAction":[{"@type":"ReadAction","target":["https:\/\/novoprint.org\/contacto\/"]}]},{"@type":"ImageObject","inLanguage":"en-GB","@id":"https:\/\/novoprint.org\/contacto\/#primaryimage","url":"https:\/\/novoprint.org\/wp-content\/uploads\/2024\/12\/Diseno-sin-titulo53.png","contentUrl":"https:\/\/novoprint.org\/wp-content\/uploads\/2024\/12\/Diseno-sin-titulo53.png"},{"@type":"BreadcrumbList","@id":"https:\/\/novoprint.org\/contacto\/#breadcrumb","itemListElement":[{"@type":"ListItem","position":1,"name":"Portada","item":"https:\/\/novoprint.org\/"},{"@type":"ListItem","position":2,"name":"Contacto"}]},{"@type":"WebSite","@id":"https:\/\/novoprint.org\/#website","url":"https:\/\/novoprint.org\/","name":"Novoprint","description":"Gr\u00e1ficas Novoprint, impresi\u00f3n en alta calidad","publisher":{"@id":"https:\/\/novoprint.org\/#organization"},"potentialAction":[{"@type":"SearchAction","target":{"@type":"EntryPoint","urlTemplate":"https:\/\/novoprint.org\/?s={search_term_string}"},"query-input":{"@type":"PropertyValueSpecification","valueRequired":true,"valueName":"search_term_string"}}],"inLanguage":"en-GB"},{"@type":"Organization","@id":"https:\/\/novoprint.org\/#organization","name":"Novoprint","url":"https:\/\/novoprint.org\/","logo":{"@type":"ImageObject","inLanguage":"en-GB","@id":"https:\/\/novoprint.org\/#\/schema\/logo\/image\/","url":"https:\/\/novoprint.org\/wp-content\/uploads\/2024\/12\/cropped-Diseno-sin-titulo53.png","contentUrl":"https:\/\/novoprint.org\/wp-content\/uploads\/2024\/12\/cropped-Diseno-sin-titulo53.png","width":400,"height":115,"caption":"Novoprint"},"image":{"@id":"https:\/\/novoprint.org\/#\/schema\/logo\/image\/"}}]}},"_links":{"self":[{"href":"https:\/\/novoprint.org\/en\/wp-json\/wp\/v2\/pages\/18","targetHints":{"allow":["GET"]}}],"collection":[{"href":"https:\/\/novoprint.org\/en\/wp-json\/wp\/v2\/pages"}],"about":[{"href":"https:\/\/novoprint.org\/en\/wp-json\/wp\/v2\/types\/page"}],"author":[{"embeddable":true,"href":"https:\/\/novoprint.org\/en\/wp-json\/wp\/v2\/users\/2"}],"replies":[{"embeddable":true,"href":"https:\/\/novoprint.org\/en\/wp-json\/wp\/v2\/comments?post=18"}],"version-history":[{"count":40,"href":"https:\/\/novoprint.org\/en\/wp-json\/wp\/v2\/pages\/18\/revisions"}],"predecessor-version":[{"id":472,"href":"https:\/\/novoprint.org\/en\/wp-json\/wp\/v2\/pages\/18\/revisions\/472"}],"wp:attachment":[{"href":"https:\/\/novoprint.org\/en\/wp-json\/wp\/v2\/media?parent=18"}],"curies":[{"name":"wp","href":"https:\/\/api.w.org\/{rel}","templated":true}]}}